{"id":74,"date":"2018-07-02T16:45:25","date_gmt":"2018-07-02T14:45:25","guid":{"rendered":"http:\/\/thomas-matys.de\/?page_id=74"},"modified":"2025-10-06T14:40:06","modified_gmt":"2025-10-06T12:40:06","slug":"projekte","status":"publish","type":"page","link":"http:\/\/thomas-matys.de\/home\/projekte\/","title":{"rendered":"Projekte"},"content":{"rendered":"<p><em>(ab) 2025<br \/>\n<\/em>Organisation und Kritik (Eigenprojekt)<\/p>\n<p><em>(bis) 2024<br \/>\n<\/em><a href=\"https:\/\/www.fernuni-hagen.de\/forschung\/schwerpunkte\/abd\/forschung\/projekte\/projekt-datenkulturen-personalmanagement.shtml\"><span style=\"font-size: 1rem;\">Datenkulturen im Personalmanagement von KMUs in NRW<\/span><\/a><em style=\"font-size: 1rem;\">\u00a0 \u00a0 \u00a0 \u00a0 \u00a0 \u00a0 \u00a0 \u00a0 \u00a0 \u00a0 \u00a0 \u00a0 \u00a0 \u00a0 \u00a0 \u00a0 \u00a0<\/em><em>\u00a0 \u00a0 \u00a0 \u00a0 \u00a0 \u00a0 \u00a0 \u00a0 \u00a0 \u00a0 \u00a0 \u00a0 \u00a0 \u00a0 \u00a0 \u00a0 \u00a0 \u00a0 \u00a0 \u00a0 \u00a0 \u00a0 \u00a0 \u00a0 \u00a0 \u00a0 \u00a0 \u00a0 \u00a0 \u00a0 \u00a0 \u00a0 \u00a0 \u00a0 \u00a0 \u00a0 \u00a0 \u00a0\u00a0<\/em><br \/>\n<em>(bis) 2022<br \/>\n<\/em><a href=\"https:\/\/www.soziopolis.de\/zwischen-kalkulation-und-gespuer.html\">Rating-Agenturen im Finanzmarktkapitalismus. Genese &#8211; Praktiken &#8211; Felder\u201c (Habilitation) <\/a><\/p>\n<p><em>2011\/12<\/em><br \/>\nProjekt &#8222;Kind und Wald &#8211; Analyse von nachhaltigen au\u00dferschulischen Lernorten aus der Perspektive der Kindheitsforschung&#8220; (Bergische Universit\u00e4t Wuppertal; Leitung: Prof. Dr. Andreas Keil; Prof. Dr. Charlotte R\u00f6hner)<\/p>\n<p><em>(bis) 2011<\/em><br \/>\nLegal Persons. \u201aK\u00e4mpfe\u2018 um die organisationale Form bei US-amerikanischen Corporations. Eine organisationstheoretisch strukturierte Dokumentation. (Gutachter: Prof. Dr. Klaus T\u00fcrk, Prof. Dr. Wieland J\u00e4ger (Dissertation)<\/p>\n<p><em>2006<\/em><br \/>\n&#8222;Die Konstruktion von Rationalit\u00e4t in Organisationen am Beispiel des Leitbildes &#8218;Nachhaltigkeit'&#8220; (Eigenprojekt)<\/p>\n<p><em>2004<\/em><br \/>\n&#8222;Rechtstatsachen zum Verbraucherschutz&#8220; (Bergische Universit\u00e4t Wuppertal; Forschungsprojekt am rechtswissenschaftlichen Lehrstuhl Prof. Dr. G\u00fcnter Borchert)<\/p>\n<p><em>2004\/05<\/em><br \/>\n&#8222;Macht, Kontrolle und Entscheidungen in Organisationen&#8220; (Studienbrief f\u00fcr die FernUniversit\u00e4t in Hagen; Betreuung: Prof. Dr. Wieland J\u00e4ger)<\/p>\n<p><em>2004<\/em><br \/>\nSeminar zum wissenschaftlichen Arbeiten (Bergische Universit\u00e4t Wuppertal, Fachbereich Bildungswissenschaften)<\/p>\n<p><em>2004<\/em><br \/>\nMitarbeit bei der Organisation der Deutsch-koreanischen Kommunaltagung vom 15. &#8211; 19. August 2004 in Solingen (rechtswissenschaftlicher Lehrstuhl Prof. Dr. Dr. Bernhard Losch)<\/p>\n<p><em>2004<\/em><br \/>\nWissenschaftliche Kurzkooperation zum Thema &#8222;Kompetenzentwicklung in der Medizin&#8220; (Technische Universit\u00e4t Dortmund, Lehrstuhl Wirtschafts- und Sozialwissenschaften, Dr. Michaela Pfadenhauer<\/p>\n<p><em>2004<\/em><br \/>\nMitarbeit bei der Vorbereitung und Durchf\u00fchrung der Konferenz &#8222;Die Befreiung der Politik zu langfristigem Denken&#8220; (Bergische Universit\u00e4t Wuppertal, Forschungsstelle f\u00fcr B\u00fcrgerbeteiligung &amp; Planungsverfahren; Leitung: Prof. Dr. Peter C. Dienel und Prof. Hans Joachim Lietzmann) am 26. und 27. Mai 2004 in Berlin<\/p>\n<p><em>2002\/03<\/em><br \/>\nMitarbeit beim Wuppertal Institut f\u00fcr Klima, Umwelt und Energie gGmbH im Projekt &#8222;Eventkultur und Nachhaltigkeit&#8220; (Projektleiter: Rainer Lucas; Zusammenarbeit mit Prof. Eugen Bu\u00df von der Universit\u00e4t Stuttgart-Hohenheim) sowie Zusammenarbeit mit Prof. Dr. Gerhard Scherhorn im Fokusprojekt &#8222;Accountability entlang (globalisierter) Produktketten&#8220;<\/p>\n<p><em>2003<\/em><br \/>\nFreie Mitarbeit an der Forschungsstelle f\u00fcr B\u00fcrgerbeteiligung &amp; Planungsverfahren (Bergischen Universit\u00e4t Wuppertal ,Leitung: Prof. Dr. Peter C. Dienel)<\/p>\n<p><em>2000 &#8211; 2002<\/em><br \/>\nMitarbeiter im DFG-Projekt: &#8222;Das Gestalten von Grenzen. Unternehmens\u00fcbergreifende Kooperation und deren Folgen f\u00fcr die Arbeitskr\u00e4fte. Eine arbeitssoziologische Untersuchung am Beispiel von Outsourcing&#8220;; Leitung: Prof. Dr. G\u00fcnther Wachtler)<\/p>\n<p><em>1999\/2000<\/em><br \/>\nForschungspraktikum zum Thema &#8222;Gesundheitskonzepte von Kindern&#8220; (Bergische Universit\u00e4t Wuppertal, Leitung: AR Dr. Klaus Kuhnekath)<\/p>\n","protected":false},"excerpt":{"rendered":"<p>(ab) 2025 Organisation und Kritik (Eigenprojekt) (bis) 2024 Datenkulturen im Personalmanagement von KMUs in NRW\u00a0 \u00a0 \u00a0 \u00a0 \u00a0 \u00a0 \u00a0 \u00a0 \u00a0 \u00a0 \u00a0 \u00a0 \u00a0 \u00a0 \u00a0 \u00a0 \u00a0\u00a0 \u00a0 \u00a0 \u00a0 \u00a0 \u00a0 \u00a0 \u00a0 \u00a0 \u00a0 \u00a0 \u00a0 \u00a0 \u00a0 \u00a0 \u00a0 \u00a0 \u00a0 \u00a0 \u00a0 \u00a0 \u00a0 \u00a0 \u00a0 \u00a0 &hellip; <\/p>\n<p class=\"link-more\"><a href=\"http:\/\/thomas-matys.de\/home\/projekte\/\" class=\"more-link\"><span class=\"screen-reader-text\">\u201eProjekte\u201c<\/span> weiterlesen<\/a><\/p>\n","protected":false},"author":1,"featured_media":0,"parent":0,"menu_order":0,"comment_status":"closed","ping_status":"closed","template":"","meta":{"footnotes":""},"class_list":["post-74","page","type-page","status-publish","hentry"],"_links":{"self":[{"href":"http:\/\/thomas-matys.de\/home\/wp-json\/wp\/v2\/pages\/74","targetHints":{"allow":["GET"]}}],"collection":[{"href":"http:\/\/thomas-matys.de\/home\/wp-json\/wp\/v2\/pages"}],"about":[{"href":"http:\/\/thomas-matys.de\/home\/wp-json\/wp\/v2\/types\/page"}],"author":[{"embeddable":true,"href":"http:\/\/thomas-matys.de\/home\/wp-json\/wp\/v2\/users\/1"}],"replies":[{"embeddable":true,"href":"http:\/\/thomas-matys.de\/home\/wp-json\/wp\/v2\/comments?post=74"}],"version-history":[{"count":27,"href":"http:\/\/thomas-matys.de\/home\/wp-json\/wp\/v2\/pages\/74\/revisions"}],"predecessor-version":[{"id":531,"href":"http:\/\/thomas-matys.de\/home\/wp-json\/wp\/v2\/pages\/74\/revisions\/531"}],"wp:attachment":[{"href":"http:\/\/thomas-matys.de\/home\/wp-json\/wp\/v2\/media?parent=74"}],"curies":[{"name":"wp","href":"https:\/\/api.w.org\/{rel}","templated":true}]}}