{"id":27,"date":"2018-07-01T14:04:37","date_gmt":"2018-07-01T12:04:37","guid":{"rendered":"http:\/\/thomas-matys.de\/?page_id=27"},"modified":"2025-11-19T17:09:38","modified_gmt":"2025-11-19T16:09:38","slug":"home","status":"publish","type":"page","link":"http:\/\/thomas-matys.de\/home\/","title":{"rendered":"Herzlich willkommen!"},"content":{"rendered":"<p><span style=\"font-family: Verdana, Arial, Helvetica, sans-serif;\"><a href=\"http:\/\/thomas-matys.de\/wp-content\/uploads\/2021\/05\/Foto-Dr.-Matys.jpg\"><img loading=\"lazy\" decoding=\"async\" class=\"alignleft wp-image-312\" src=\"http:\/\/thomas-matys.de\/wp-content\/uploads\/2021\/05\/Foto-Dr.-Matys-200x300.jpg\" alt=\"\" width=\"141\" height=\"212\" srcset=\"http:\/\/thomas-matys.de\/wp-content\/uploads\/2021\/05\/Foto-Dr.-Matys-200x300.jpg 200w, http:\/\/thomas-matys.de\/wp-content\/uploads\/2021\/05\/Foto-Dr.-Matys.jpg 426w\" sizes=\"auto, (max-width: 141px) 100vw, 141px\" \/><\/a>Ich freue mich, dass Sie meine Website besuchen. <\/span><\/p>\n<p><span style=\"font-family: Verdana, Arial, Helvetica, sans-serif;\">Meine Arbeitsschwerpunkte sind<\/span><span style=\"font-family: Verdana, Arial, Helvetica, sans-serif;\"> Arbeits- und Organisationssoziologie,<\/span><span style=\"font-family: Verdana, Arial, Helvetica, sans-serif;\"> Wirtschaftssoziologie, Kultursoziologie<\/span><span style=\"font-family: Verdana, Arial, Helvetica, sans-serif;\">\u00a0sowie gesamtgesellschaftliche Analysen.<\/span><\/p>\n<p><span style=\"font-family: Verdana, Arial, Helvetica, sans-serif;\">Ich arbeite im Institut f\u00fcr Soziologie der FernUniversit\u00e4t in Hagen.<\/span><\/p>\n<p><span style=\"font-family: Verdana, Arial, Helvetica, sans-serif;\">Klicken Sie sich einfach durch die Links. Ich bem\u00fche mich, die Daten so aktuell wie m\u00f6glich zu halten. Wenn Sie mich kontakten wollen, mailen Sie bitte an: <\/span><\/p>\n<p><span style=\"font-family: Verdana, Arial, Helvetica, sans-serif;\"><a href=\"mailto:matys@uni-wuppertal.de\">thomas.matys@fernuni-hagen.de<\/a><\/span><\/p>\n<p>Folgen, Vernetzen, Diskutieren: <a href=\"https:\/\/www.linkedin.com\/in\/thomas-matys-504291295\/\">Hier geht es zu Linkedin<\/a><\/p>\n<p>&nbsp;<\/p>\n\n\n<p><a href=\"https:\/\/link.springer.com\/book\/10.1007\/978-3-658-40796-4\">Zum Buch &#8222;Macht, Kontrolle und Entscheidungen in Organisationen. Eine Einf\u00fchrung in organisationale Mikro-, Meso- und Makropolitik&#8220; (Lehrbuch)<\/a>; hierzu biete ich momentan folgenden<strong> Lehrauftrag<\/strong> als Blockseminar an (s. u.):<\/p>\n\n\n\n<figure class=\"wp-block-image size-full is-resized\"><a href=\"https:\/\/thomas-matys.de\/wp-content\/uploads\/2025\/06\/978-3-658-46754-8.webp\"><img loading=\"lazy\" decoding=\"async\" width=\"316\" height=\"448\" src=\"https:\/\/thomas-matys.de\/wp-content\/uploads\/2025\/06\/978-3-658-46754-8.webp\" alt=\"\" class=\"wp-image-485\" style=\"width:618px;height:auto\" srcset=\"http:\/\/thomas-matys.de\/wp-content\/uploads\/2025\/06\/978-3-658-46754-8.webp 316w, http:\/\/thomas-matys.de\/wp-content\/uploads\/2025\/06\/978-3-658-46754-8-212x300.webp 212w\" sizes=\"auto, (max-width: 316px) 100vw, 316px\" \/><\/a><\/figure>\n\n\n\n<div data-wp-interactive=\"core\/file\" class=\"wp-block-file\"><object data-wp-bind--hidden=\"!state.hasPdfPreview\" hidden class=\"wp-block-file__embed\" data=\"https:\/\/thomas-matys.de\/wp-content\/uploads\/2025\/11\/Blockseminar-Arbeit-Fuehren-und-Gefuehrtwerden.pdf\" type=\"application\/pdf\" style=\"width:100%;height:600px\" aria-label=\"Einbettung von Blockseminar Arbeit - Fuehren und Gefuehrtwerden.\"><\/object><a id=\"wp-block-file--media-9c98be29-dd72-4aa9-9b16-22b8b5614994\" href=\"https:\/\/thomas-matys.de\/wp-content\/uploads\/2025\/11\/Blockseminar-Arbeit-Fuehren-und-Gefuehrtwerden.pdf\">Blockseminar Arbeit &#8211; Fuehren und Gefuehrtwerden<\/a><a href=\"https:\/\/thomas-matys.de\/wp-content\/uploads\/2025\/11\/Blockseminar-Arbeit-Fuehren-und-Gefuehrtwerden.pdf\" class=\"wp-block-file__button wp-element-button\" download aria-describedby=\"wp-block-file--media-9c98be29-dd72-4aa9-9b16-22b8b5614994\">Herunterladen<\/a><\/div>\n\n\n\n<div class=\"wp-block-media-text is-stacked-on-mobile\"><figure class=\"wp-block-media-text__media\"><\/figure><div class=\"wp-block-media-text__content\">\n<p><\/p>\n<\/div><\/div>\n\n\n\n<p><a href=\"https:\/\/link.springer.com\/book\/10.1007\/978-3-658-40796-4\">Zum Buch &#8222;Rating-Agenturen im Finanzmarktkapitalismus. Genese &#8211; Praktiken &#8211; Felder&#8220; (Habilitation)<\/a>; hierzu biete ich momentan folgenden<strong> Lehrauftrag<\/strong> als Blockseminar an (s. u.):<\/p>\n\n\n\n<div class=\"wp-block-file\"><a href=\"http:\/\/thomas-matys.de\/wp-content\/uploads\/2024\/09\/Matys-CRAs-short.pdf\">Hier ein short paper (engl.) dazu<\/a><a href=\"http:\/\/thomas-matys.de\/wp-content\/uploads\/2024\/09\/Matys-CRAs-short.pdf\" class=\"wp-block-file__button wp-element-button\" download>Herunterladen<\/a><\/div>\n\n\n\n<figure class=\"wp-block-image size-large is-resized\"><img loading=\"lazy\" decoding=\"async\" width=\"479\" height=\"679\" src=\"http:\/\/thomas-matys.de\/wp-content\/uploads\/2023\/06\/TM.jpg\" alt=\"\" class=\"wp-image-384\" style=\"width:619px;height:auto\" srcset=\"http:\/\/thomas-matys.de\/wp-content\/uploads\/2023\/06\/TM.jpg 479w, http:\/\/thomas-matys.de\/wp-content\/uploads\/2023\/06\/TM-212x300.jpg 212w\" sizes=\"auto, (max-width: 479px) 100vw, 479px\" \/><\/figure>\n\n\n\n<div data-wp-interactive=\"core\/file\" class=\"wp-block-file\"><object data-wp-bind--hidden=\"!state.hasPdfPreview\" hidden class=\"wp-block-file__embed\" data=\"https:\/\/thomas-matys.de\/wp-content\/uploads\/2025\/11\/Blockseminar-Ratings-Beziffern-und-Bewerten.pdf\" type=\"application\/pdf\" style=\"width:100%;height:600px\" aria-label=\"Einbettung von Blockseminar Ratings - Beziffern und Bewerten.\"><\/object><a id=\"wp-block-file--media-cad33c2a-17e6-4ebd-a4a8-49cf9484bf03\" href=\"https:\/\/thomas-matys.de\/wp-content\/uploads\/2025\/11\/Blockseminar-Ratings-Beziffern-und-Bewerten.pdf\">Blockseminar Ratings &#8211; Beziffern und Bewerten<\/a><a href=\"https:\/\/thomas-matys.de\/wp-content\/uploads\/2025\/11\/Blockseminar-Ratings-Beziffern-und-Bewerten.pdf\" class=\"wp-block-file__button wp-element-button\" download aria-describedby=\"wp-block-file--media-cad33c2a-17e6-4ebd-a4a8-49cf9484bf03\">Herunterladen<\/a><\/div>\n\n\n\n<p><a href=\"https:\/\/link.springer.com\/book\/10.1007\/978-3-658-40796-4\"><\/a><a href=\"https:\/\/link.springer.com\/book\/10.1007\/978-3-658-40796-4\">Zum Buch &#8222;Legal Persons &#8211; \u201eK\u00e4mpfe\u201c um die organisationale Form&#8220; (Dissertation)<\/a>; hierzu biete ich momentan folgenden<strong> Lehrauftrag<\/strong> als Blockseminar an (s. u.):<\/p>\n\n\n\n<figure class=\"wp-block-image size-full is-resized\"><a href=\"https:\/\/thomas-matys.de\/wp-content\/uploads\/2025\/06\/Cover-Diss.jpg\"><img loading=\"lazy\" decoding=\"async\" width=\"241\" height=\"342\" src=\"https:\/\/thomas-matys.de\/wp-content\/uploads\/2025\/06\/Cover-Diss.jpg\" alt=\"\" class=\"wp-image-502\" style=\"width:623px;height:auto\" srcset=\"http:\/\/thomas-matys.de\/wp-content\/uploads\/2025\/06\/Cover-Diss.jpg 241w, http:\/\/thomas-matys.de\/wp-content\/uploads\/2025\/06\/Cover-Diss-211x300.jpg 211w\" sizes=\"auto, (max-width: 241px) 100vw, 241px\" \/><\/a><\/figure>\n\n\n\n<div data-wp-interactive=\"core\/file\" class=\"wp-block-file\"><object data-wp-bind--hidden=\"!state.hasPdfPreview\" hidden class=\"wp-block-file__embed\" data=\"https:\/\/thomas-matys.de\/wp-content\/uploads\/2025\/11\/Blockseminar-Organisation-Einheit-und-Kritik.pdf\" type=\"application\/pdf\" style=\"width:100%;height:600px\" aria-label=\"Einbettung von Blockseminar Organisation - Einheit und Kritik.\"><\/object><a id=\"wp-block-file--media-efd3a2b1-a73e-4062-bb7d-1e840220d5b9\" href=\"https:\/\/thomas-matys.de\/wp-content\/uploads\/2025\/11\/Blockseminar-Organisation-Einheit-und-Kritik.pdf\">Blockseminar Organisation &#8211; Einheit und Kritik<\/a><a href=\"https:\/\/thomas-matys.de\/wp-content\/uploads\/2025\/11\/Blockseminar-Organisation-Einheit-und-Kritik.pdf\" class=\"wp-block-file__button wp-element-button\" download aria-describedby=\"wp-block-file--media-efd3a2b1-a73e-4062-bb7d-1e840220d5b9\">Herunterladen<\/a><\/div>\n","protected":false},"excerpt":{"rendered":"<p>Ich freue mich, dass Sie meine Website besuchen. Meine Arbeitsschwerpunkte sind Arbeits- und Organisationssoziologie, Wirtschaftssoziologie, Kultursoziologie\u00a0sowie gesamtgesellschaftliche Analysen. Ich arbeite im Institut f\u00fcr Soziologie der FernUniversit\u00e4t in Hagen. Klicken Sie sich einfach durch die Links. Ich bem\u00fche mich, die Daten so aktuell wie m\u00f6glich zu halten. Wenn Sie mich kontakten wollen, mailen Sie bitte an: &hellip; <\/p>\n<p class=\"link-more\"><a href=\"http:\/\/thomas-matys.de\/home\/\" class=\"more-link\"><span class=\"screen-reader-text\">\u201eHerzlich willkommen!\u201c<\/span> weiterlesen<\/a><\/p>\n","protected":false},"author":1,"featured_media":0,"parent":0,"menu_order":0,"comment_status":"closed","ping_status":"closed","template":"","meta":{"footnotes":""},"class_list":["post-27","page","type-page","status-publish","hentry"],"_links":{"self":[{"href":"http:\/\/thomas-matys.de\/home\/wp-json\/wp\/v2\/pages\/27","targetHints":{"allow":["GET"]}}],"collection":[{"href":"http:\/\/thomas-matys.de\/home\/wp-json\/wp\/v2\/pages"}],"about":[{"href":"http:\/\/thomas-matys.de\/home\/wp-json\/wp\/v2\/types\/page"}],"author":[{"embeddable":true,"href":"http:\/\/thomas-matys.de\/home\/wp-json\/wp\/v2\/users\/1"}],"replies":[{"embeddable":true,"href":"http:\/\/thomas-matys.de\/home\/wp-json\/wp\/v2\/comments?post=27"}],"version-history":[{"count":35,"href":"http:\/\/thomas-matys.de\/home\/wp-json\/wp\/v2\/pages\/27\/revisions"}],"predecessor-version":[{"id":542,"href":"http:\/\/thomas-matys.de\/home\/wp-json\/wp\/v2\/pages\/27\/revisions\/542"}],"wp:attachment":[{"href":"http:\/\/thomas-matys.de\/home\/wp-json\/wp\/v2\/media?parent=27"}],"curies":[{"name":"wp","href":"https:\/\/api.w.org\/{rel}","templated":true}]}}